{"id":30,"date":"2026-04-13T13:45:48","date_gmt":"2026-04-13T13:45:48","guid":{"rendered":"https:\/\/stationcycles.fr\/?page_id=30"},"modified":"2026-04-27T15:32:34","modified_gmt":"2026-04-27T15:32:34","slug":"accueil","status":"publish","type":"page","link":"https:\/\/stationcycles.fr\/","title":{"rendered":"Accueil"},"content":{"rendered":"\n<figure class=\"wp-block-image alignfull\"><img loading=\"lazy\" decoding=\"async\" width=\"701\" height=\"238\" src=\"http:\/\/stationcycles.fr\/wp-content\/uploads\/2026\/04\/Logo-primaire-orange-2.png\" alt=\"\" class=\"wp-image-82\" srcset=\"https:\/\/stationcycles.fr\/wp-content\/uploads\/2026\/04\/Logo-primaire-orange-2.png 701w, https:\/\/stationcycles.fr\/wp-content\/uploads\/2026\/04\/Logo-primaire-orange-2-300x102.png 300w\" sizes=\"auto, (max-width: 701px) 100vw, 701px\" \/><\/figure>\n\n\n\n<section class=\"wp-block-group alignfull has-global-padding is-layout-constrained wp-container-core-group-is-layout-05455e64 wp-block-group-is-layout-constrained\" style=\"margin-top:0px;padding-top:6rem;padding-right:1rem;padding-bottom:4.5rem;padding-left:1rem;font-size:clamp(0.875rem, 0.875rem + ((1vw - 0.2rem) * 0.464), 1.13rem);font-style:normal;font-weight:400;line-height:1.4\">\n<div class=\"wp-block-columns is-layout-flex wp-container-core-columns-is-layout-2e7296b4 wp-block-columns-is-layout-flex\" style=\"margin-bottom:0px\">\n<div class=\"wp-block-column is-vertically-aligned-center is-layout-flow wp-block-column-is-layout-flow\" style=\"padding-right:1rem;padding-left:1rem;flex-basis:35%\">\n<figure class=\"wp-block-image aligncenter size-full is-resized\"><img loading=\"lazy\" decoding=\"async\" width=\"143\" height=\"130\" src=\"http:\/\/stationcycles.fr\/wp-content\/uploads\/2026\/04\/Fichier-57.png\" alt=\"\" class=\"wp-image-85\" style=\"width:350px\"\/><\/figure>\n<\/div>\n\n\n\n<div class=\"wp-block-column has-global-padding is-layout-constrained wp-container-core-column-is-layout-b4ec969c wp-block-column-is-layout-constrained\" style=\"padding-top:2.01rem\">\n<div class=\"wp-block-group has-global-padding is-layout-constrained wp-container-core-group-is-layout-dca71664 wp-block-group-is-layout-constrained\" style=\"min-height:100%\">\n<h3 class=\"wp-block-heading has-text-align-center has-text-color\" style=\"color:#010101;margin-top:0.5rem;margin-bottom:0rem;font-size:clamp(1.556rem, 1.556rem + ((1vw - 0.2rem) * 1.916), 2.61rem);font-style:normal;font-weight:500;letter-spacing:0px;line-height:1.3\">Station Cycles c&#8217;est quoi ?<\/h3>\n\n\n\n<p><font dir=\"auto\" style=\"vertical-align: inherit;\"><font dir=\"auto\" style=\"vertical-align: inherit;\">Station Cycles est un atelier de r\u00e9paration v\u00e9lo ambulant qui circule du Mans jusqu&#8217;\u00e0 <\/font><\/font><br><font dir=\"auto\" style=\"vertical-align: inherit;\"><font dir=\"auto\" style=\"vertical-align: inherit;\">Chartres ( un territoire de 100 km) . Qui propose un service complet de r\u00e9paration\/entretien <\/font><\/font><br><font dir=\"auto\" style=\"vertical-align: inherit;\"><font dir=\"auto\" style=\"vertical-align: inherit;\">tous cycles (VTT,VTC,Gravel,route,VAE) ; des prestations sp\u00e9cifiques pour les entreprises, une <\/font><\/font><br><font dir=\"auto\" style=\"vertical-align: inherit;\"><font dir=\"auto\" style=\"vertical-align: inherit;\">offre de freelance pour les magasins de v\u00e9lo. <\/font><\/font><br><font dir=\"auto\" style=\"vertical-align: inherit;\"><font dir=\"auto\" style=\"vertical-align: inherit;\">Station Cycles se d\u00e9marque par une expertise technique, un service client personnalis\u00e9, une <\/font><\/font><br><font dir=\"auto\" style=\"vertical-align: inherit;\"><font dir=\"auto\" style=\"vertical-align: inherit;\">offre adapt\u00e9e aux besoins et au territoire, une image conviviale et accessible.<\/font><\/font><\/p>\n<\/div>\n<\/div>\n<\/div>\n<\/section>\n\n\n\n<p><\/p>\n\n\n\n<div class=\"wp-block-cover alignfull is-light\" style=\"padding-top:3.51rem;padding-right:0px;padding-bottom:2.01rem;padding-left:0px\"><span aria-hidden=\"true\" class=\"wp-block-cover__background has-background-dim-100 has-background-dim\" style=\"background-color:#fff3ea\"><\/span><div class=\"wp-block-cover__inner-container is-layout-flow wp-block-cover-is-layout-flow\">\n<div class=\"wp-block-group alignfull is-layout-flow wp-block-group-is-layout-flow\" style=\"margin-top:0px;margin-bottom:0px;padding-top:0rem;padding-right:1px;padding-bottom:2.01rem;padding-left:1px\">\n<div class=\"wp-block-columns alignfull is-layout-flex wp-container-core-columns-is-layout-35290b6f wp-block-columns-is-layout-flex\" style=\"padding-top:0rem\">\n<div class=\"wp-block-column is-layout-flow wp-block-column-is-layout-flow\" style=\"padding-top:1rem;padding-right:0rem;padding-bottom:1rem;padding-left:0rem\">\n<div class=\"wp-block-cover\" style=\"padding-right:0.51rem;padding-left:0.51rem;min-height:390px;aspect-ratio:unset;\"><img loading=\"lazy\" decoding=\"async\" width=\"640\" height=\"960\" class=\"wp-block-cover__image-background wp-image-87 size-full\" alt=\"\" src=\"http:\/\/stationcycles.fr\/wp-content\/uploads\/2026\/04\/hyang-imant-8NA-qwlSZjA-unsplash.jpg\" data-object-fit=\"cover\" srcset=\"https:\/\/stationcycles.fr\/wp-content\/uploads\/2026\/04\/hyang-imant-8NA-qwlSZjA-unsplash.jpg 640w, https:\/\/stationcycles.fr\/wp-content\/uploads\/2026\/04\/hyang-imant-8NA-qwlSZjA-unsplash-200x300.jpg 200w\" sizes=\"auto, (max-width: 640px) 100vw, 640px\" \/><span aria-hidden=\"true\" class=\"wp-block-cover__background has-background-dim-0 has-background-dim\" style=\"background-color:#6b776c\"><\/span><div class=\"wp-block-cover__inner-container has-global-padding is-layout-constrained wp-container-core-cover-is-layout-1a3bd245 wp-block-cover-is-layout-constrained\">\n<h3 class=\"wp-block-heading has-text-align-center has-text-color has-link-color wp-elements-fafd0f6ce2057471857649ca5db316a3\" style=\"color:#ffffff;font-size:clamp(1.507rem, 1.507rem + ((1vw - 0.2rem) * 1.824), 2.51rem);\">R\u00e9paration v\u00e9los (VTT,VTC,VAE,Cargo) <\/h3>\n<\/div><\/div>\n<\/div>\n\n\n\n<div class=\"wp-block-column is-layout-flow wp-block-column-is-layout-flow\" style=\"padding-top:1rem;padding-right:0rem;padding-bottom:1rem;padding-left:0rem\">\n<div class=\"wp-block-cover is-light\" style=\"padding-right:0.51rem;padding-left:0.51rem;min-height:390px;aspect-ratio:unset;\"><img loading=\"lazy\" decoding=\"async\" width=\"1024\" height=\"682\" class=\"wp-block-cover__image-background wp-image-88 size-large\" alt=\"\" src=\"http:\/\/stationcycles.fr\/wp-content\/uploads\/2026\/04\/alexas_fotos-bicycle-9828774_1280-1024x682.jpg\" data-object-fit=\"cover\" srcset=\"https:\/\/stationcycles.fr\/wp-content\/uploads\/2026\/04\/alexas_fotos-bicycle-9828774_1280-1024x682.jpg 1024w, https:\/\/stationcycles.fr\/wp-content\/uploads\/2026\/04\/alexas_fotos-bicycle-9828774_1280-300x200.jpg 300w, https:\/\/stationcycles.fr\/wp-content\/uploads\/2026\/04\/alexas_fotos-bicycle-9828774_1280-768x512.jpg 768w, https:\/\/stationcycles.fr\/wp-content\/uploads\/2026\/04\/alexas_fotos-bicycle-9828774_1280.jpg 1280w\" sizes=\"auto, (max-width: 1024px) 100vw, 1024px\" \/><span aria-hidden=\"true\" class=\"wp-block-cover__background has-background-dim-0 has-background-dim\" style=\"background-color:#92835a\"><\/span><div class=\"wp-block-cover__inner-container has-global-padding is-layout-constrained wp-container-core-cover-is-layout-1a3bd245 wp-block-cover-is-layout-constrained\">\n<p><\/p>\n\n\n\n<h3 class=\"wp-block-heading has-text-align-center has-text-color\" style=\"color:#fffffd;font-size:clamp(1.507rem, 1.507rem + ((1vw - 0.2rem) * 1.824), 2.51rem);\">Service r\u00e9paration v\u00e9lo entreprise<\/h3>\n<\/div><\/div>\n<\/div>\n\n\n\n<div class=\"wp-block-column is-layout-flow wp-block-column-is-layout-flow\" style=\"padding-top:1rem;padding-right:0rem;padding-bottom:1rem;padding-left:0rem\">\n<div class=\"wp-block-cover\" style=\"padding-right:0.51rem;padding-left:0.51rem;min-height:390px;aspect-ratio:unset;\"><img loading=\"lazy\" decoding=\"async\" width=\"683\" height=\"1024\" class=\"wp-block-cover__image-background wp-image-89 size-large\" alt=\"\" src=\"http:\/\/stationcycles.fr\/wp-content\/uploads\/2026\/04\/iulianscutelnicuph-bicycle-8211559-1-683x1024.jpg\" data-object-fit=\"cover\" srcset=\"https:\/\/stationcycles.fr\/wp-content\/uploads\/2026\/04\/iulianscutelnicuph-bicycle-8211559-1-683x1024.jpg 683w, https:\/\/stationcycles.fr\/wp-content\/uploads\/2026\/04\/iulianscutelnicuph-bicycle-8211559-1-200x300.jpg 200w, https:\/\/stationcycles.fr\/wp-content\/uploads\/2026\/04\/iulianscutelnicuph-bicycle-8211559-1-768x1152.jpg 768w, https:\/\/stationcycles.fr\/wp-content\/uploads\/2026\/04\/iulianscutelnicuph-bicycle-8211559-1-1024x1536.jpg 1024w, https:\/\/stationcycles.fr\/wp-content\/uploads\/2026\/04\/iulianscutelnicuph-bicycle-8211559-1-1365x2048.jpg 1365w, https:\/\/stationcycles.fr\/wp-content\/uploads\/2026\/04\/iulianscutelnicuph-bicycle-8211559-1-scaled.jpg 1707w\" sizes=\"auto, (max-width: 683px) 100vw, 683px\" \/><span aria-hidden=\"true\" class=\"wp-block-cover__background has-background-dim-0 has-background-dim\" style=\"background-color:#686e6c\"><\/span><div class=\"wp-block-cover__inner-container has-global-padding is-layout-constrained wp-container-core-cover-is-layout-1a3bd245 wp-block-cover-is-layout-constrained\">\n<h3 class=\"wp-block-heading has-text-align-center has-text-color\" style=\"color:#fffffd;font-size:clamp(1.507rem, 1.507rem + ((1vw - 0.2rem) * 1.824), 2.51rem);\">Service Freelance pour les magasins de v\u00e9lo<\/h3>\n<\/div><\/div>\n<\/div>\n<\/div>\n<\/div>\n<\/div><\/div>\n\n\n\n<div class=\"wp-block-cover alignfull is-light\" style=\"min-height:636px;aspect-ratio:unset;\"><img decoding=\"async\" class=\"wp-block-cover__image-background wp-image-764\" alt=\"\" src=\"https:\/\/tyler.com\/wp-content\/uploads\/2023\/11\/surf-banner1.jpg\" data-object-fit=\"cover\"\/><span aria-hidden=\"true\" class=\"wp-block-cover__background has-background-dim-0 has-background-dim has-background-gradient\" style=\"background:linear-gradient(135deg,rgb(6,147,227) 0%,rgb(1,0,0) 25%,rgb(155,81,224) 100%)\"><\/span><div class=\"wp-block-cover__inner-container has-global-padding is-layout-constrained wp-block-cover-is-layout-constrained\">\n<section class=\"wp-block-group alignfull has-background is-nowrap is-layout-flex wp-container-core-group-is-layout-77b7b497 wp-block-group-is-layout-flex\" style=\"background-color:#d26200;margin-top:0px;padding-top:4.01rem;padding-right:1rem;padding-bottom:5.01rem;padding-left:1rem;font-size:clamp(0.875rem, 0.875rem + ((1vw - 0.2rem) * 0.464), 1.13rem);font-style:normal;font-weight:400;line-height:1.4\">\n<div class=\"wp-block-columns is-layout-flex wp-container-core-columns-is-layout-a86bf794 wp-block-columns-is-layout-flex\" style=\"margin-bottom:0px\">\n<div class=\"wp-block-column has-global-padding is-layout-constrained wp-container-core-column-is-layout-b4ec969c wp-block-column-is-layout-constrained\" style=\"padding-top:2.01rem\">\n<div class=\"wp-block-group has-global-padding is-layout-constrained wp-container-core-group-is-layout-dca71664 wp-block-group-is-layout-constrained\" style=\"min-height:100%\">\n<h3 class=\"wp-block-heading has-text-align-center has-text-color\" style=\"color:#fffffd;margin-top:0.5rem;margin-bottom:0rem;font-size:clamp(1.556rem, 1.556rem + ((1vw - 0.2rem) * 1.916), 2.61rem);font-style:normal;font-weight:500;letter-spacing:0px;line-height:1.3\">Un probl\u00e8me sur votre v\u00e9lo ?<\/h3>\n\n\n\n<p class=\"has-text-align-center has-text-color has-link-color wp-elements-3644ccfdace78a3f49d304b491e5c0fc\" style=\"color:#faf4f4\">                                <font dir=\"auto\" style=\"vertical-align: inherit;\"><font dir=\"auto\" style=\"vertical-align: inherit;\">Faite appel \u00e0 nos services<\/font><\/font><\/p>\n\n\n\n<div class=\"wp-block-group is-vertical is-content-justification-stretch is-layout-flex wp-container-core-group-is-layout-53ad70e0 wp-block-group-is-layout-flex\" style=\"margin-top:1.61rem;padding-right:0px;padding-left:0px\">\n<div class=\"wp-block-group has-global-padding is-content-justification-center is-layout-constrained wp-container-core-group-is-layout-2f0bcb29 wp-block-group-is-layout-constrained\" style=\"margin-top:0px\">\n<div class=\"wp-block-buttons is-horizontal is-content-justification-right is-layout-flex wp-container-core-buttons-is-layout-099266fd wp-block-buttons-is-layout-flex\" style=\"margin-top:0.51rem\">\n<div class=\"wp-block-button has-custom-width wp-block-button__width-100 is-style-fill\"><a class=\"wp-block-button__link has-text-color has-background has-custom-font-size wp-element-button\" style=\"border-style:none;border-width:0px;border-radius:0rem;color:#e27013;background-color:#fffffd;padding-top:0.71rem;padding-right:0.31rem;padding-bottom:0.71rem;padding-left:0.31rem;font-size:clamp(0.875rem, 0.875rem + ((1vw - 0.2rem) * 0.245), 1.01rem);font-style:normal;font-weight:600;line-height:1.5;text-transform:uppercase\">06.72.19.01.15<\/a><\/div>\n<\/div>\n<\/div>\n<\/div>\n<\/div>\n<\/div>\n\n\n\n<div class=\"wp-block-column is-vertically-aligned-center is-layout-flow wp-block-column-is-layout-flow\" style=\"padding-right:1rem;padding-left:1rem;flex-basis:40%\">\n<div class=\"wp-block-group has-global-padding is-layout-constrained wp-block-group-is-layout-constrained\">\n<figure class=\"wp-block-image size-full\"><img loading=\"lazy\" decoding=\"async\" width=\"1707\" height=\"2560\" src=\"http:\/\/stationcycles.fr\/wp-content\/uploads\/2026\/04\/taylor-smith-GNSIOmiBFaY-unsplash-scaled.jpg\" alt=\"\" class=\"wp-image-96\" srcset=\"https:\/\/stationcycles.fr\/wp-content\/uploads\/2026\/04\/taylor-smith-GNSIOmiBFaY-unsplash-scaled.jpg 1707w, https:\/\/stationcycles.fr\/wp-content\/uploads\/2026\/04\/taylor-smith-GNSIOmiBFaY-unsplash-200x300.jpg 200w, https:\/\/stationcycles.fr\/wp-content\/uploads\/2026\/04\/taylor-smith-GNSIOmiBFaY-unsplash-683x1024.jpg 683w, https:\/\/stationcycles.fr\/wp-content\/uploads\/2026\/04\/taylor-smith-GNSIOmiBFaY-unsplash-768x1152.jpg 768w, https:\/\/stationcycles.fr\/wp-content\/uploads\/2026\/04\/taylor-smith-GNSIOmiBFaY-unsplash-1024x1536.jpg 1024w, https:\/\/stationcycles.fr\/wp-content\/uploads\/2026\/04\/taylor-smith-GNSIOmiBFaY-unsplash-1365x2048.jpg 1365w\" sizes=\"auto, (max-width: 1707px) 100vw, 1707px\" \/><\/figure>\n<\/div>\n<\/div>\n<\/div>\n<\/section>\n<\/div><\/div>\n\n\n\n<p><\/p>\n","protected":false},"excerpt":{"rendered":"<p>Station Cycles c&#8217;est quoi ? Station Cycles est un atelier de r\u00e9paration v\u00e9lo ambulant qui circule du Mans jusqu&#8217;\u00e0 Chartres ( un territoire de 100 km) . Qui propose un service complet de r\u00e9paration\/entretien tous cycles (VTT,VTC,Gravel,route,VAE) ; des prestations sp\u00e9cifiques pour les entreprises, une offre de freelance pour les magasins de v\u00e9lo. Station Cycles [&hellip;]<\/p>\n","protected":false},"author":1,"featured_media":0,"parent":0,"menu_order":0,"comment_status":"closed","ping_status":"closed","template":"","meta":{"footnotes":""},"class_list":["post-30","page","type-page","status-publish","hentry"],"_links":{"self":[{"href":"https:\/\/stationcycles.fr\/index.php\/wp-json\/wp\/v2\/pages\/30","targetHints":{"allow":["GET"]}}],"collection":[{"href":"https:\/\/stationcycles.fr\/index.php\/wp-json\/wp\/v2\/pages"}],"about":[{"href":"https:\/\/stationcycles.fr\/index.php\/wp-json\/wp\/v2\/types\/page"}],"author":[{"embeddable":true,"href":"https:\/\/stationcycles.fr\/index.php\/wp-json\/wp\/v2\/users\/1"}],"replies":[{"embeddable":true,"href":"https:\/\/stationcycles.fr\/index.php\/wp-json\/wp\/v2\/comments?post=30"}],"version-history":[{"count":15,"href":"https:\/\/stationcycles.fr\/index.php\/wp-json\/wp\/v2\/pages\/30\/revisions"}],"predecessor-version":[{"id":122,"href":"https:\/\/stationcycles.fr\/index.php\/wp-json\/wp\/v2\/pages\/30\/revisions\/122"}],"wp:attachment":[{"href":"https:\/\/stationcycles.fr\/index.php\/wp-json\/wp\/v2\/media?parent=30"}],"curies":[{"name":"wp","href":"https:\/\/api.w.org\/{rel}","templated":true}]}}