{"id":33,"date":"2026-04-13T13:46:26","date_gmt":"2026-04-13T13:46:26","guid":{"rendered":"https:\/\/stationcycles.fr\/?page_id=33"},"modified":"2026-04-28T09:47:03","modified_gmt":"2026-04-28T09:47:03","slug":"a-propos","status":"publish","type":"page","link":"https:\/\/stationcycles.fr\/a-propos\/","title":{"rendered":"Conditions g\u00e9n\u00e9rales de ventes"},"content":{"rendered":"\n<div class=\"wp-block-columns is-layout-flex wp-container-core-columns-is-layout-28f84493 wp-block-columns-is-layout-flex\">\n<div class=\"wp-block-column is-layout-flow wp-block-column-is-layout-flow\" style=\"flex-basis:100%\">\n<div class=\"wp-block-cover alignfull is-light\" style=\"padding-top:6rem;padding-bottom:6rem\"><span aria-hidden=\"true\" class=\"wp-block-cover__background has-background-dim-10 has-background-dim\" style=\"background-color:#e27013\"><\/span><div class=\"wp-block-cover__inner-container has-global-padding is-layout-constrained wp-container-core-cover-is-layout-5cbdda46 wp-block-cover-is-layout-constrained\">\n<h2 class=\"wp-block-heading has-text-align-center has-text-color has-link-color has-suranna-font-family wp-elements-cbf789d967aad43e573c326418f39135\" style=\"color:#000000;font-size:clamp(24.034px, 1.502rem + ((1vw - 3.2px) * 1.814), 40px);font-style:normal;font-weight:500;letter-spacing:1px\"><\/h2>\n\n\n\n<p class=\"has-text-align-center has-text-color has-link-color wp-elements-7c2ed9eecf09bb6cdef252a17c45fd74\" style=\"color:#000000;font-size:clamp(14px, 0.875rem + ((1vw - 3.2px) * 0.455), 18px);\">CONDITIONS G\u00c9N\u00c9RALES DE VENTE<\/p>\n\n\n\n<p>Station Cycles \u2013 R\u00e9paration de v\u00e9los \u00e0 domicile<\/p>\n\n\n\n<p>Station Cycles | SIRET : 988 380 176 00012<\/p>\n\n\n\n<p>\ud83d\udccd Saintigny | \ud83d\udcde 06 72 19 01 15 | \ud83d\udce7 remienrouelibre@hotmail.com<\/p>\n\n\n\n<p>\u00ab Partout on r\u00e9pare, vous p\u00e9dalez \u00bb<\/p>\n\n\n\n<p>1. OBJET ET CHAMP D\u2019APPLICATION<\/p>\n\n\n\n<p>Les pr\u00e9sentes Conditions G\u00e9n\u00e9rales de Vente (CGV) r\u00e9gissent l\u2019ensemble des prestations de r\u00e9paration, d\u2019entretien et de vente de pi\u00e8ces r\u00e9alis\u00e9es par Station Cycles. Toute commande ou validation de devis implique l\u2019adh\u00e9sion sans r\u00e9serve du Client aux pr\u00e9sentes CGV.<\/p>\n\n\n\n<p>2. DEVIS ET COMMANDE<\/p>\n\n\n\n<ul class=\"wp-block-list\">\n<li>\u00c9tablissement : Un devis gratuit est fourni avant chaque intervention. Les devis r\u00e9alis\u00e9s \u00e0 distance sont estimatifs et peuvent \u00eatre ajust\u00e9s apr\u00e8s examen physique du v\u00e9lo.<\/li>\n\n\n\n<li>Modification : Station Cycles se r\u00e9serve le droit de modifier le devis si des anomalies non visibles initialement apparaissent lors du d\u00e9montage.<\/li>\n\n\n\n<li>Refus : En cas de refus du devis sur place apr\u00e8s d\u00e9placement, un forfait de d\u00e9placement et de diagnostic de [Pr\u00e9cisez votre tarif, ex: 20\u20ac] sera factur\u00e9.<\/li>\n\n\n\n<li>S\u00e9curit\u00e9 : Si le client refuse une prestation jug\u00e9e indispensable \u00e0 la s\u00e9curit\u00e9, mention en sera faite sur la facture. Station Cycles d\u00e9cline alors toute responsabilit\u00e9 en cas d&rsquo;accident ou de dysfonctionnement.<\/li>\n<\/ul>\n\n\n\n<p>3. MODALIT\u00c9S D\u2019INTERVENTION<\/p>\n\n\n\n<p>L\u2019intervention a lieu au domicile ou sur le lieu convenu. Le Client s&rsquo;engage \u00e0 fournir un espace permettant de travailler en s\u00e9curit\u00e9. Station Cycles se r\u00e9serve le droit d\u2019emporter le v\u00e9lo en atelier si la complexit\u00e9 de l\u2019intervention ou l\u2019absence de pi\u00e8ces l\u2019exige.<\/p>\n\n\n\n<p>4. TARIFS ET PAIEMENT<\/p>\n\n\n\n<ul class=\"wp-block-list\">\n<li>Prix : Les prestations sont factur\u00e9es sur la base de 65 \u20ac \/ heure ou selon le forfait en vigueur. Les pi\u00e8ces sont factur\u00e9es en suppl\u00e9ment.<\/li>\n\n\n\n<li>TVA : TVA non applicable, article 293 B du CGI (Micro-entreprise).<\/li>\n\n\n\n<li>Paiement : Le r\u00e8glement s&rsquo;effectue au comptant d\u00e8s la fin de l&rsquo;intervention ou \u00e0 la restitution du v\u00e9lo. Moyens accept\u00e9s : Esp\u00e8ces, Carte Bancaire.<\/li>\n<\/ul>\n\n\n\n<p>5. DROIT DE R\u00c9TRACTATION<\/p>\n\n\n\n<p>Conform\u00e9ment \u00e0 l\u2019article L221-28 du Code de la consommation, pour les interventions de r\u00e9paration urgentes demand\u00e9es par le consommateur \u00e0 son domicile, le droit de r\u00e9tractation ne s&rsquo;applique pas. Pour les autres prestations, le Client accepte que l&rsquo;ex\u00e9cution commence avant la fin du d\u00e9lai l\u00e9gal et renonce express\u00e9ment \u00e0 son droit de r\u00e9tractation d\u00e8s le d\u00e9but de l&rsquo;intervention.<\/p>\n\n\n\n<p>6. GARANTIES ET RESPONSABILIT\u00c9<\/p>\n\n\n\n<ul class=\"wp-block-list\">\n<li>Garantie l\u00e9gale : Les pi\u00e8ces neuves b\u00e9n\u00e9ficient de la garantie l\u00e9gale de conformit\u00e9 (2 ans).<\/li>\n\n\n\n<li>Prestation : Station Cycles garantit la qualit\u00e9 de sa main-d&rsquo;\u0153uvre. En cas de probl\u00e8me de r\u00e9glage li\u00e9 \u00e0 l&rsquo;intervention, le Client dispose de 7 jours pour le signaler.<\/li>\n\n\n\n<li>Exclusions : La garantie ne couvre pas l&rsquo;usure normale, les consommables (pneus, patins), les pi\u00e8ces fournies par le Client, ou les dommages dus \u00e0 une utilisation anormale (comp\u00e9tition, n\u00e9gligence).<\/li>\n\n\n\n<li>Responsabilit\u00e9 : Station Cycles est tenu \u00e0 une obligation de moyens. Sa responsabilit\u00e9 ne pourra \u00eatre engag\u00e9e pour des objets laiss\u00e9s sur le v\u00e9lo (compteurs, sacoches, etc.).<\/li>\n<\/ul>\n\n\n\n<p>7. GARDIENNAGE ET REPRISE<\/p>\n\n\n\n<p>Le v\u00e9lo doit \u00eatre r\u00e9cup\u00e9r\u00e9 d\u00e8s la fin de la prestation. \u00c0 d\u00e9faut, apr\u00e8s un d\u00e9lai de 5 jours, des frais de gardiennage de [X]\u20ac\/jour pourront \u00eatre appliqu\u00e9s.<\/p>\n\n\n\n<p>8. M\u00c9DIATION ET LITIGES<\/p>\n\n\n\n<p>En cas de litige, le Client peut s&rsquo;adresser au service client de Station Cycles. \u00c0 d\u00e9faut de r\u00e9solution amiable, le Client a la possibilit\u00e9 de saisir un m\u00e9diateur de la consommation conform\u00e9ment aux articles L616-1 du Code de la consommation. Le droit fran\u00e7ais est seul applicable.<\/p>\n\n\n\n<p class=\"has-text-align-center has-text-color has-link-color wp-elements-e62a6d6ca3c4a1a66abdf328f869438a\" style=\"color:#000000;font-size:clamp(14px, 0.875rem + ((1vw - 3.2px) * 0.455), 18px);\">Mis \u00e0 jour le : 22\/04\/2026<\/p>\n<\/div><\/div>\n<\/div>\n<\/div>\n\n\n\n<section class=\"wp-block-cover alignfull\" style=\"margin-top:0px;padding-top:1.01rem;padding-bottom:1.01rem;min-height:430px;aspect-ratio:unset;\"><img loading=\"lazy\" decoding=\"async\" width=\"683\" height=\"1024\" class=\"wp-block-cover__image-background wp-image-46 size-large\" alt=\"\" src=\"http:\/\/stationcycles.fr\/wp-content\/uploads\/2026\/04\/ryan-waring-BFdHyMPojEA-unsplash-683x1024.jpg\" data-object-fit=\"cover\" srcset=\"https:\/\/stationcycles.fr\/wp-content\/uploads\/2026\/04\/ryan-waring-BFdHyMPojEA-unsplash-683x1024.jpg 683w, https:\/\/stationcycles.fr\/wp-content\/uploads\/2026\/04\/ryan-waring-BFdHyMPojEA-unsplash-200x300.jpg 200w, https:\/\/stationcycles.fr\/wp-content\/uploads\/2026\/04\/ryan-waring-BFdHyMPojEA-unsplash-768x1152.jpg 768w, https:\/\/stationcycles.fr\/wp-content\/uploads\/2026\/04\/ryan-waring-BFdHyMPojEA-unsplash-1024x1536.jpg 1024w, https:\/\/stationcycles.fr\/wp-content\/uploads\/2026\/04\/ryan-waring-BFdHyMPojEA-unsplash-1365x2048.jpg 1365w, https:\/\/stationcycles.fr\/wp-content\/uploads\/2026\/04\/ryan-waring-BFdHyMPojEA-unsplash-scaled.jpg 1707w\" sizes=\"auto, (max-width: 683px) 100vw, 683px\" \/><span aria-hidden=\"true\" class=\"wp-block-cover__background has-background-dim-0 has-background-dim\" style=\"background-color:#edf1f2\"><\/span><div class=\"wp-block-cover__inner-container has-global-padding is-layout-constrained wp-container-core-cover-is-layout-b1bebcb3 wp-block-cover-is-layout-constrained\">\n<div class=\"wp-block-group has-text-color is-layout-flow wp-block-group-is-layout-flow\" style=\"color:#fffffd;margin-top:0px;padding-top:0rem;padding-right:1rem;padding-bottom:0rem;padding-left:1rem;font-size:clamp(0.875rem, 0.875rem + ((1vw - 0.2rem) * 0.464), 1.13rem);font-style:normal;font-weight:400;line-height:1.4\">\n<div class=\"wp-block-group has-global-padding is-layout-constrained wp-container-core-group-is-layout-bdbfdc43 wp-block-group-is-layout-constrained\">\n<p class=\"has-text-align-center has-text-color\" style=\"color:#fffffd;margin-bottom:0rem;font-size:clamp(1.507rem, 1.507rem + ((1vw - 0.2rem) * 1.824), 2.51rem);font-style:normal;font-weight:400;line-height:1.2\"><\/p>\n<\/div>\n\n\n\n<div class=\"wp-block-group is-vertical is-content-justification-stretch is-layout-flex wp-container-core-group-is-layout-bfdebe91 wp-block-group-is-layout-flex\" style=\"margin-top:1.81rem;padding-right:0px;padding-left:0px\"><\/div>\n<\/div>\n<\/div><\/section>\n","protected":false},"excerpt":{"rendered":"","protected":false},"author":1,"featured_media":0,"parent":0,"menu_order":0,"comment_status":"closed","ping_status":"closed","template":"","meta":{"footnotes":""},"class_list":["post-33","page","type-page","status-publish","hentry"],"_links":{"self":[{"href":"https:\/\/stationcycles.fr\/wp-json\/wp\/v2\/pages\/33","targetHints":{"allow":["GET"]}}],"collection":[{"href":"https:\/\/stationcycles.fr\/wp-json\/wp\/v2\/pages"}],"about":[{"href":"https:\/\/stationcycles.fr\/wp-json\/wp\/v2\/types\/page"}],"author":[{"embeddable":true,"href":"https:\/\/stationcycles.fr\/wp-json\/wp\/v2\/users\/1"}],"replies":[{"embeddable":true,"href":"https:\/\/stationcycles.fr\/wp-json\/wp\/v2\/comments?post=33"}],"version-history":[{"count":7,"href":"https:\/\/stationcycles.fr\/wp-json\/wp\/v2\/pages\/33\/revisions"}],"predecessor-version":[{"id":119,"href":"https:\/\/stationcycles.fr\/wp-json\/wp\/v2\/pages\/33\/revisions\/119"}],"wp:attachment":[{"href":"https:\/\/stationcycles.fr\/wp-json\/wp\/v2\/media?parent=33"}],"curies":[{"name":"wp","href":"https:\/\/api.w.org\/{rel}","templated":true}]}}